{"id":80,"date":"2016-12-31T00:08:15","date_gmt":"2016-12-31T00:08:15","guid":{"rendered":"http:\/\/themes.uxbarn.com\/wp\/nakamura-dummy\/?page_id=2"},"modified":"2021-02-04T17:13:56","modified_gmt":"2021-02-04T16:13:56","slug":"about-rui-miranda","status":"publish","type":"page","link":"https:\/\/ruimirandafoto.pt\/en\/about-rui-miranda\/","title":{"rendered":"About Rui Miranda"},"content":{"rendered":"<p>Rui Miranda was born in Porto in 1971.<\/p>\n<p>From an early age he demonstrated his passion for photography and video. He started his professional career at Casa de Serralves (Funda\u00e7\u00e3o Serralves), where he worked for 10 years.<\/p>\n<p>He did his basic training in Audiovisuals at ETIC in Lisbon. Over the years he has participated in training and seminars on photography and video, as he believes that constant learning is essential to guarantee the quality of his work.<\/p>\n<p>Within his professional area, the reporting in photography of Corporate and Social Events stands out, as well as Weddings, Communions, Baptisms, among many others.<\/p>\n<p><em>Rui Miranda<br \/>\n<\/em><em>01.10.2020<\/em><\/p>","protected":false},"excerpt":{"rendered":"<p>Rui Miranda nasceu no Porto em 1971. Desde cedo demonstrou a sua paix\u00e3o pela fotografia e v\u00eddeo. Iniciou o seu percurso profissional na Casa de Serralves (Funda\u00e7\u00e3o Serralves), onde trabalhou durante 10 anos. Fez a sua forma\u00e7\u00e3o base em Audiovisuais na ETIC em Lisboa. Ao longo dos anos tem participado em forma\u00e7\u00f5es e semin\u00e1rios de [&hellip;]<\/p>\n","protected":false},"author":1,"featured_media":365,"parent":0,"menu_order":0,"comment_status":"closed","ping_status":"open","template":"","meta":{"footnotes":""},"class_list":["post-80","page","type-page","status-publish","has-post-thumbnail","hentry"],"_links":{"self":[{"href":"https:\/\/ruimirandafoto.pt\/en\/wp-json\/wp\/v2\/pages\/80","targetHints":{"allow":["GET"]}}],"collection":[{"href":"https:\/\/ruimirandafoto.pt\/en\/wp-json\/wp\/v2\/pages"}],"about":[{"href":"https:\/\/ruimirandafoto.pt\/en\/wp-json\/wp\/v2\/types\/page"}],"author":[{"embeddable":true,"href":"https:\/\/ruimirandafoto.pt\/en\/wp-json\/wp\/v2\/users\/1"}],"replies":[{"embeddable":true,"href":"https:\/\/ruimirandafoto.pt\/en\/wp-json\/wp\/v2\/comments?post=80"}],"version-history":[{"count":5,"href":"https:\/\/ruimirandafoto.pt\/en\/wp-json\/wp\/v2\/pages\/80\/revisions"}],"predecessor-version":[{"id":596,"href":"https:\/\/ruimirandafoto.pt\/en\/wp-json\/wp\/v2\/pages\/80\/revisions\/596"}],"wp:featuredmedia":[{"embeddable":true,"href":"https:\/\/ruimirandafoto.pt\/en\/wp-json\/wp\/v2\/media\/365"}],"wp:attachment":[{"href":"https:\/\/ruimirandafoto.pt\/en\/wp-json\/wp\/v2\/media?parent=80"}],"curies":[{"name":"wp","href":"https:\/\/api.w.org\/{rel}","templated":true}]}}